{"id":907,"date":"2026-02-05T06:44:10","date_gmt":"2026-02-05T06:44:10","guid":{"rendered":"https:\/\/rsb-sportslab.com\/allgemeine-geschaeftsbedingungen\/"},"modified":"2026-02-09T15:10:01","modified_gmt":"2026-02-09T15:10:01","slug":"allgemeine-geschaeftsbedingungen","status":"publish","type":"page","link":"https:\/\/rsb-sportslab.com\/de\/allgemeine-geschaeftsbedingungen\/","title":{"rendered":"Allgemeine Gesch\u00e4ftsbedingungen"},"content":{"rendered":"\t\t<div data-elementor-type=\"wp-page\" data-elementor-id=\"907\" class=\"elementor elementor-907 elementor-756\" data-elementor-post-type=\"page\">\n\t\t\t\t<div class=\"elementor-element elementor-element-e8db4ad e-flex e-con-boxed e-con e-parent\" data-id=\"e8db4ad\" data-element_type=\"container\" data-e-type=\"container\">\n\t\t\t\t\t<div class=\"e-con-inner\">\n\t\t\t\t<div class=\"elementor-element elementor-element-2942aa5 elementor-widget elementor-widget-heading\" data-id=\"2942aa5\" data-element_type=\"widget\" data-e-type=\"widget\" data-widget_type=\"heading.default\">\n\t\t\t\t\t<h2 class=\"elementor-heading-title elementor-size-default\">ALLGEMEINE GESCH\u00c4FTSBEDINGUNGEN (AGB)<\/h2>\t\t\t\t<\/div>\n\t\t\t\t<div class=\"elementor-element elementor-element-f71711f elementor-widget elementor-widget-text-editor\" data-id=\"f71711f\" data-element_type=\"widget\" data-e-type=\"widget\" data-widget_type=\"text-editor.default\">\n\t\t\t\t\t\t\t\t\t<p class=\"p1\"><b>1. Geltungsbereich<\/b><\/p>\n<p class=\"p1\">Diese Allgemeinen Gesch\u00e4ftsbedingungen (\u201eAGB\u201c) gelten f\u00fcr alle Vertr\u00e4ge, Dienstleistungen und Gesch\u00e4fts<span style=\"font-style: inherit; font-weight: inherit;\">beziehungen zwischen<\/span> <b style=\"font-style: inherit;\">RSB SPORTS LAB<\/b><span style=\"font-style: inherit; font-weight: inherit;\">, einer Gesch\u00e4ftseinheit der RSB Design GmbH<\/span> <span style=\"font-style: inherit; font-weight: inherit;\">(\u201eAgentur\u201c), und ihren Kunden, Athleten, Partnern oder anderen Vertragsparteien (\u201eKunde\u201c).<\/span> <span style=\"font-style: inherit; font-weight: inherit;\">Diese AGB gelten sowohl f\u00fcr Gesch\u00e4ftskunden (B2B) als auch f\u00fcr Sportler als nat\u00fcrliche Personen, es sei denn,<\/span> <span style=\"font-style: inherit; font-weight: inherit;\">zwingende gesetzliche Bestimmungen sehen etwas anderes vor.<\/span> <span style=\"font-style: inherit; font-weight: inherit;\">Individuelle Vereinbarungen haben Vorrang vor diesen AGB.<\/span><\/p>\n<p class=\"p1\"><b>2. Dienstleistungen<br><\/b><span style=\"font-style: inherit;\"><b><br><\/b><span style=\"font-weight: inherit;\">Die Agentur erbringt Dienstleistungen, die unter anderem Folgendes umfassen:<\/span><\/span><\/p>\n<ul>\n<li class=\"p1\">Athletenmanagement<\/li>\n<li class=\"p1\">Sponsoring &amp; Partnerschaften<\/li>\n<li class=\"p1\">Sportmarketing &amp; Kommunikation<\/li>\n<li class=\"p1\">Strategie, Branding und Aktivierung<\/li>\n<li class=\"p1\">Beratung und Consulting<\/li>\n<\/ul>\n<p class=\"p1\">Der konkrete Leistungsumfang wird ausschlie\u00dflich in der jeweiligen Einzelvereinbarung definiert.<\/p>\n<p class=\"p1\"><b>3. Pflichten des Kunden<br><\/b><span style=\"font-style: inherit; font-weight: inherit;\"><br>Der Kunde stellt alle Informationen, Materialien und Genehmigungen, die f\u00fcr die ordnungsgem\u00e4\u00dfe Erbringung der Dienstleistungen erforderlich sind, rechtzeitig zur Verf\u00fcgung.<\/span><\/p>\n<p class=\"p1\"><b>4. Honorare<br><\/b><span style=\"font-style: inherit; font-weight: inherit;\"><br>Honorare, Vorsch\u00fcsse und Provisionen werden ausschlie\u00dflich durch die individuelle Vereinbarung geregelt. Alle Honorare verstehen sich zuz\u00fcglich der jeweils geltenden Mehrwertsteuer.<\/span><\/p>\n<p class=\"p1\"><b>5. Nutzungsrechte &amp; Referenzen<br><\/b><span style=\"font-style: inherit; font-weight: inherit;\"><br>Der Kunde r\u00e4umt der Agentur das Recht ein, zusammenarbeitsbezogene Inhalte f\u00fcr Referenz-,<\/span> <span style=\"font-style: inherit; font-weight: inherit;\">Marketing- und Verkaufszwecke zu nutzen, vorbehaltlich geltenden Rechts und erforderlicher vorheriger Genehmigungen.<\/span><\/p>\n<p class=\"p1\"><b>6. Vertraulichkeit<\/b><\/p>\n<p class=\"p1\">Beide Parteien behandeln alle vertraulichen Informationen streng vertraulich, auch nach <span style=\"font-style: inherit; font-weight: inherit;\">Beendigung des Vertragsverh\u00e4ltnisses.<\/span><\/p>\n<p class=\"p1\"><b>7. Haftung<\/b><\/p>\n<p class=\"p1\">Die Agentur haftet unbeschr\u00e4nkt bei Vorsatz oder grober Fahrl\u00e4ssigkeit. <span style=\"font-style: inherit; font-weight: inherit;\">Bei leichter Fahrl\u00e4ssigkeit ist die Haftung auf die vertragstypischen, vorhersehbaren Sch\u00e4den <\/span><span style=\"font-style: inherit; font-weight: inherit;\">begrenzt.<\/span><\/p>\n<p class=\"p1\"><b>8. Laufzeit &amp; K\u00fcndigung<\/b><\/p>\n<p class=\"p1\">Sofern nicht anders vereinbart, k\u00f6nnen Vertr\u00e4ge mit einer Frist von zwei Monaten zum Ende <span style=\"font-style: inherit; font-weight: inherit;\">eines Kalendermonats in Textform gek\u00fcndigt werden.<\/span> <span style=\"font-style: inherit; font-weight: inherit;\">Die K\u00fcndigung aus wichtigem Grund bleibt unber\u00fchrt.<\/span><\/p>\n<p class=\"p1\"><b>9. Datenschutz<\/b><\/p>\n<p class=\"p1\">Die Parteien halten alle anwendbaren Datenschutzgesetze ein, insbesondere die DSGVO. <span style=\"font-style: inherit; font-weight: inherit;\">Eine Datenverarbeitungsvereinbarung gem\u00e4\u00df Artikel 28 DSGVO ist abzuschlie\u00dfen, wo<\/span> <span style=\"font-style: inherit; font-weight: inherit;\">erforderlich.<\/span><\/p>\n<p class=\"p1\"><b>10. Geltendes Recht &amp; Gerichtsstand<\/b><\/p>\n<p class=\"p1\">Es gilt ausschlie\u00dflich deutsches Recht. <span style=\"font-style: inherit; font-weight: inherit;\">Gerichtsstand ist Essen, Deutschland, soweit gesetzlich zul\u00e4ssig.<\/span><\/p>\t\t\t\t\t\t\t\t<\/div>\n\t\t\t\t\t<\/div>\n\t\t\t\t<\/div>\n\t\t\t\t<\/div>\n\t\t","protected":false},"excerpt":{"rendered":"<p>ALLGEMEINE GESCH\u00c4FTSBEDINGUNGEN (AGB) 1. Geltungsbereich Diese Allgemeinen Gesch\u00e4ftsbedingungen (\u201eAGB\u201c) gelten f\u00fcr alle Vertr\u00e4ge, Dienstleistungen und Gesch\u00e4ftsbeziehungen zwischen RSB SPORTS LAB, [&hellip;]<\/p>\n","protected":false},"author":1,"featured_media":0,"parent":0,"menu_order":0,"comment_status":"closed","ping_status":"closed","template":"","meta":{"_acf_changed":false,"om_disable_all_campaigns":false,"_monsterinsights_skip_tracking":false,"_monsterinsights_sitenote_active":false,"_monsterinsights_sitenote_note":"","_monsterinsights_sitenote_category":0,"site-sidebar-layout":"no-sidebar","site-content-layout":"","ast-site-content-layout":"full-width-container","site-content-style":"default","site-sidebar-style":"default","ast-global-header-display":"","ast-banner-title-visibility":"","ast-main-header-display":"","ast-hfb-above-header-display":"","ast-hfb-below-header-display":"","ast-hfb-mobile-header-display":"","site-post-title":"","ast-breadcrumbs-content":"","ast-featured-img":"disabled","footer-sml-layout":"","ast-disable-related-posts":"","theme-transparent-header-meta":"","adv-header-id-meta":"","stick-header-meta":"","header-above-stick-meta":"","header-main-stick-meta":"","header-below-stick-meta":"","astra-migrate-meta-layouts":"default","ast-page-background-enabled":"default","ast-page-background-meta":{"desktop":{"background-color":"var(--ast-global-color-5)","background-image":"","background-repeat":"repeat","background-position":"center center","background-size":"auto","background-attachment":"scroll","background-type":"","background-media":"","overlay-type":"","overlay-color":"","overlay-opacity":"","overlay-gradient":""},"tablet":{"background-color":"","background-image":"","background-repeat":"repeat","background-position":"center center","background-size":"auto","background-attachment":"scroll","background-type":"","background-media":"","overlay-type":"","overlay-color":"","overlay-opacity":"","overlay-gradient":""},"mobile":{"background-color":"","background-image":"","background-repeat":"repeat","background-position":"center center","background-size":"auto","background-attachment":"scroll","background-type":"","background-media":"","overlay-type":"","overlay-color":"","overlay-opacity":"","overlay-gradient":""}},"ast-content-background-meta":{"desktop":{"background-color":"var(--ast-global-color-4)","background-image":"","background-repeat":"repeat","background-position":"center center","background-size":"auto","background-attachment":"scroll","background-type":"","background-media":"","overlay-type":"","overlay-color":"","overlay-opacity":"","overlay-gradient":""},"tablet":{"background-color":"var(--ast-global-color-4)","background-image":"","background-repeat":"repeat","background-position":"center center","background-size":"auto","background-attachment":"scroll","background-type":"","background-media":"","overlay-type":"","overlay-color":"","overlay-opacity":"","overlay-gradient":""},"mobile":{"background-color":"var(--ast-global-color-4)","background-image":"","background-repeat":"repeat","background-position":"center center","background-size":"auto","background-attachment":"scroll","background-type":"","background-media":"","overlay-type":"","overlay-color":"","overlay-opacity":"","overlay-gradient":""}},"footnotes":""},"class_list":["post-907","page","type-page","status-publish","hentry"],"acf":[],"aioseo_notices":[],"aioseo_head":"\n\t\t<!-- All in One SEO Pro 4.9.6.2 - aioseo.com -->\n\t<meta name=\"description\" content=\"ALLGEMEINE GESCH\u00c4FTSBEDINGUNGEN (AGB) 1. Geltungsbereich Diese Allgemeinen Gesch\u00e4ftsbedingungen (\u201eAGB\u201c) gelten f\u00fcr alle Vertr\u00e4ge, Dienstleistungen und Gesch\u00e4ftsbeziehungen zwischen RSB SPORTS LAB, einer Gesch\u00e4ftseinheit der RSB Design GmbH (\u201eAgentur\u201c), und ihren Kunden, Athleten, Partnern oder anderen Vertragsparteien (\u201eKunde\u201c). Diese AGB gelten sowohl f\u00fcr Gesch\u00e4ftskunden (B2B) als auch f\u00fcr Sportler als nat\u00fcrliche Personen, es sei denn, zwingende gesetzliche\" \/>\n\t<meta name=\"robots\" content=\"max-image-preview:large\" \/>\n\t<meta name=\"google-site-verification\" content=\"GJuVQAV4-PaLS8mq_V5zMmVJK8rH-_zq5fgOcIaw5Fo\" \/>\n\t<link rel=\"canonical\" href=\"https:\/\/rsb-sportslab.com\/de\/allgemeine-geschaeftsbedingungen\/\" \/>\n\t<meta name=\"generator\" content=\"All in One SEO Pro (AIOSEO) 4.9.6.2\" \/>\n\t\t<meta property=\"og:locale\" content=\"de_DE\" \/>\n\t\t<meta property=\"og:site_name\" content=\"RSB-SPORTLABOR - Technische Leistung im Sport\" \/>\n\t\t<meta property=\"og:type\" content=\"article\" \/>\n\t\t<meta property=\"og:title\" content=\"Allgemeine Gesch\u00e4ftsbedingungen - RSB-SPORTLABOR\" \/>\n\t\t<meta property=\"og:description\" content=\"ALLGEMEINE GESCH\u00c4FTSBEDINGUNGEN (AGB) 1. Geltungsbereich Diese Allgemeinen Gesch\u00e4ftsbedingungen (\u201eAGB\u201c) gelten f\u00fcr alle Vertr\u00e4ge, Dienstleistungen und Gesch\u00e4ftsbeziehungen zwischen RSB SPORTS LAB, einer Gesch\u00e4ftseinheit der RSB Design GmbH (\u201eAgentur\u201c), und ihren Kunden, Athleten, Partnern oder anderen Vertragsparteien (\u201eKunde\u201c). Diese AGB gelten sowohl f\u00fcr Gesch\u00e4ftskunden (B2B) als auch f\u00fcr Sportler als nat\u00fcrliche Personen, es sei denn, zwingende gesetzliche\" \/>\n\t\t<meta property=\"og:url\" content=\"https:\/\/rsb-sportslab.com\/de\/allgemeine-geschaeftsbedingungen\/\" \/>\n\t\t<meta property=\"og:image\" content=\"https:\/\/rsb-sportslab.com\/wp-content\/uploads\/2026\/01\/RSB-Sports-Lab-Logo-white-e1775740015941.png\" \/>\n\t\t<meta property=\"og:image:secure_url\" content=\"https:\/\/rsb-sportslab.com\/wp-content\/uploads\/2026\/01\/RSB-Sports-Lab-Logo-white-e1775740015941.png\" \/>\n\t\t<meta property=\"article:published_time\" content=\"2026-02-05T06:44:10+00:00\" \/>\n\t\t<meta property=\"article:modified_time\" content=\"2026-02-09T15:10:01+00:00\" \/>\n\t\t<meta name=\"twitter:card\" content=\"summary_large_image\" \/>\n\t\t<meta name=\"twitter:title\" content=\"Allgemeine Gesch\u00e4ftsbedingungen - RSB-SPORTLABOR\" \/>\n\t\t<meta name=\"twitter:description\" content=\"ALLGEMEINE GESCH\u00c4FTSBEDINGUNGEN (AGB) 1. Geltungsbereich Diese Allgemeinen Gesch\u00e4ftsbedingungen (\u201eAGB\u201c) gelten f\u00fcr alle Vertr\u00e4ge, Dienstleistungen und Gesch\u00e4ftsbeziehungen zwischen RSB SPORTS LAB, einer Gesch\u00e4ftseinheit der RSB Design GmbH (\u201eAgentur\u201c), und ihren Kunden, Athleten, Partnern oder anderen Vertragsparteien (\u201eKunde\u201c). Diese AGB gelten sowohl f\u00fcr Gesch\u00e4ftskunden (B2B) als auch f\u00fcr Sportler als nat\u00fcrliche Personen, es sei denn, zwingende gesetzliche\" \/>\n\t\t<meta name=\"twitter:image\" content=\"https:\/\/rsb-sportslab.com\/wp-content\/uploads\/2026\/01\/RSB-Sports-Lab-Logo-white-e1775740015941.png\" \/>\n\t\t<script type=\"application\/ld+json\" class=\"aioseo-schema\">\n\t\t\t{\"@context\":\"https:\\\/\\\/schema.org\",\"@graph\":[{\"@type\":\"BreadcrumbList\",\"@id\":\"https:\\\/\\\/rsb-sportslab.com\\\/de\\\/allgemeine-geschaeftsbedingungen\\\/#breadcrumblist\",\"itemListElement\":[{\"@type\":\"ListItem\",\"@id\":\"https:\\\/\\\/rsb-sportslab.com\\\/de\\\/#listItem\",\"position\":1,\"name\":\"Home\",\"item\":\"https:\\\/\\\/rsb-sportslab.com\\\/de\\\/\",\"nextItem\":{\"@type\":\"ListItem\",\"@id\":\"https:\\\/\\\/rsb-sportslab.com\\\/de\\\/allgemeine-geschaeftsbedingungen\\\/#listItem\",\"name\":\"Allgemeine Gesch\\u00e4ftsbedingungen\"}},{\"@type\":\"ListItem\",\"@id\":\"https:\\\/\\\/rsb-sportslab.com\\\/de\\\/allgemeine-geschaeftsbedingungen\\\/#listItem\",\"position\":2,\"name\":\"Allgemeine Gesch\\u00e4ftsbedingungen\",\"previousItem\":{\"@type\":\"ListItem\",\"@id\":\"https:\\\/\\\/rsb-sportslab.com\\\/de\\\/#listItem\",\"name\":\"Home\"}}]},{\"@type\":\"Organization\",\"@id\":\"https:\\\/\\\/rsb-sportslab.com\\\/de\\\/#organization\",\"name\":\"RSB-SPORTLABOR\",\"description\":\"Technische Leistung im Sport\",\"url\":\"https:\\\/\\\/rsb-sportslab.com\\\/de\\\/\",\"logo\":{\"@type\":\"ImageObject\",\"url\":\"https:\\\/\\\/rsb-sportslab.com\\\/wp-content\\\/uploads\\\/2026\\\/01\\\/RSBSPORTSLAB_white_LOGO-1-scaled.png\",\"@id\":\"https:\\\/\\\/rsb-sportslab.com\\\/de\\\/allgemeine-geschaeftsbedingungen\\\/#organizationLogo\",\"width\":2560,\"height\":644},\"image\":{\"@id\":\"https:\\\/\\\/rsb-sportslab.com\\\/de\\\/allgemeine-geschaeftsbedingungen\\\/#organizationLogo\"}},{\"@type\":\"WebPage\",\"@id\":\"https:\\\/\\\/rsb-sportslab.com\\\/de\\\/allgemeine-geschaeftsbedingungen\\\/#webpage\",\"url\":\"https:\\\/\\\/rsb-sportslab.com\\\/de\\\/allgemeine-geschaeftsbedingungen\\\/\",\"name\":\"Allgemeine Gesch\\u00e4ftsbedingungen - RSB-SPORTLABOR\",\"description\":\"ALLGEMEINE GESCH\\u00c4FTSBEDINGUNGEN (AGB) 1. Geltungsbereich Diese Allgemeinen Gesch\\u00e4ftsbedingungen (\\u201eAGB\\u201c) gelten f\\u00fcr alle Vertr\\u00e4ge, Dienstleistungen und Gesch\\u00e4ftsbeziehungen zwischen RSB SPORTS LAB, einer Gesch\\u00e4ftseinheit der RSB Design GmbH (\\u201eAgentur\\u201c), und ihren Kunden, Athleten, Partnern oder anderen Vertragsparteien (\\u201eKunde\\u201c). Diese AGB gelten sowohl f\\u00fcr Gesch\\u00e4ftskunden (B2B) als auch f\\u00fcr Sportler als nat\\u00fcrliche Personen, es sei denn, zwingende gesetzliche\",\"inLanguage\":\"de-DE\",\"isPartOf\":{\"@id\":\"https:\\\/\\\/rsb-sportslab.com\\\/de\\\/#website\"},\"breadcrumb\":{\"@id\":\"https:\\\/\\\/rsb-sportslab.com\\\/de\\\/allgemeine-geschaeftsbedingungen\\\/#breadcrumblist\"},\"datePublished\":\"2026-02-05T06:44:10+00:00\",\"dateModified\":\"2026-02-09T15:10:01+00:00\"},{\"@type\":\"WebSite\",\"@id\":\"https:\\\/\\\/rsb-sportslab.com\\\/de\\\/#website\",\"url\":\"https:\\\/\\\/rsb-sportslab.com\\\/de\\\/\",\"name\":\"RSB-SPORTLABOR\",\"description\":\"Technische Leistung im Sport\",\"inLanguage\":\"de-DE\",\"publisher\":{\"@id\":\"https:\\\/\\\/rsb-sportslab.com\\\/de\\\/#organization\"}}]}\n\t\t<\/script>\n\t\t<!-- All in One SEO Pro -->\r\n\t\t<title>Allgemeine Gesch\u00e4ftsbedingungen - RSB-SPORTLABOR<\/title>\n\n","aioseo_head_json":{"title":"Allgemeine Gesch\u00e4ftsbedingungen - RSB-SPORTLABOR","description":"ALLGEMEINE GESCH\u00c4FTSBEDINGUNGEN (AGB) 1. Geltungsbereich Diese Allgemeinen Gesch\u00e4ftsbedingungen (\u201eAGB\u201c) gelten f\u00fcr alle Vertr\u00e4ge, Dienstleistungen und Gesch\u00e4ftsbeziehungen zwischen RSB SPORTS LAB, einer Gesch\u00e4ftseinheit der RSB Design GmbH (\u201eAgentur\u201c), und ihren Kunden, Athleten, Partnern oder anderen Vertragsparteien (\u201eKunde\u201c). Diese AGB gelten sowohl f\u00fcr Gesch\u00e4ftskunden (B2B) als auch f\u00fcr Sportler als nat\u00fcrliche Personen, es sei denn, zwingende gesetzliche","canonical_url":"https:\/\/rsb-sportslab.com\/de\/allgemeine-geschaeftsbedingungen\/","robots":"max-image-preview:large","keywords":"","webmasterTools":{"google-site-verification":"GJuVQAV4-PaLS8mq_V5zMmVJK8rH-_zq5fgOcIaw5Fo","miscellaneous":""},"schema":{"@context":"https:\/\/schema.org","@graph":[{"@type":"BreadcrumbList","@id":"https:\/\/rsb-sportslab.com\/de\/allgemeine-geschaeftsbedingungen\/#breadcrumblist","itemListElement":[{"@type":"ListItem","@id":"https:\/\/rsb-sportslab.com\/de\/#listItem","position":1,"name":"Home","item":"https:\/\/rsb-sportslab.com\/de\/","nextItem":{"@type":"ListItem","@id":"https:\/\/rsb-sportslab.com\/de\/allgemeine-geschaeftsbedingungen\/#listItem","name":"Allgemeine Gesch\u00e4ftsbedingungen"}},{"@type":"ListItem","@id":"https:\/\/rsb-sportslab.com\/de\/allgemeine-geschaeftsbedingungen\/#listItem","position":2,"name":"Allgemeine Gesch\u00e4ftsbedingungen","previousItem":{"@type":"ListItem","@id":"https:\/\/rsb-sportslab.com\/de\/#listItem","name":"Home"}}]},{"@type":"Organization","@id":"https:\/\/rsb-sportslab.com\/de\/#organization","name":"RSB-SPORTLABOR","description":"Technische Leistung im Sport","url":"https:\/\/rsb-sportslab.com\/de\/","logo":{"@type":"ImageObject","url":"https:\/\/rsb-sportslab.com\/wp-content\/uploads\/2026\/01\/RSBSPORTSLAB_white_LOGO-1-scaled.png","@id":"https:\/\/rsb-sportslab.com\/de\/allgemeine-geschaeftsbedingungen\/#organizationLogo","width":2560,"height":644},"image":{"@id":"https:\/\/rsb-sportslab.com\/de\/allgemeine-geschaeftsbedingungen\/#organizationLogo"}},{"@type":"WebPage","@id":"https:\/\/rsb-sportslab.com\/de\/allgemeine-geschaeftsbedingungen\/#webpage","url":"https:\/\/rsb-sportslab.com\/de\/allgemeine-geschaeftsbedingungen\/","name":"Allgemeine Gesch\u00e4ftsbedingungen - RSB-SPORTLABOR","description":"ALLGEMEINE GESCH\u00c4FTSBEDINGUNGEN (AGB) 1. Geltungsbereich Diese Allgemeinen Gesch\u00e4ftsbedingungen (\u201eAGB\u201c) gelten f\u00fcr alle Vertr\u00e4ge, Dienstleistungen und Gesch\u00e4ftsbeziehungen zwischen RSB SPORTS LAB, einer Gesch\u00e4ftseinheit der RSB Design GmbH (\u201eAgentur\u201c), und ihren Kunden, Athleten, Partnern oder anderen Vertragsparteien (\u201eKunde\u201c). Diese AGB gelten sowohl f\u00fcr Gesch\u00e4ftskunden (B2B) als auch f\u00fcr Sportler als nat\u00fcrliche Personen, es sei denn, zwingende gesetzliche","inLanguage":"de-DE","isPartOf":{"@id":"https:\/\/rsb-sportslab.com\/de\/#website"},"breadcrumb":{"@id":"https:\/\/rsb-sportslab.com\/de\/allgemeine-geschaeftsbedingungen\/#breadcrumblist"},"datePublished":"2026-02-05T06:44:10+00:00","dateModified":"2026-02-09T15:10:01+00:00"},{"@type":"WebSite","@id":"https:\/\/rsb-sportslab.com\/de\/#website","url":"https:\/\/rsb-sportslab.com\/de\/","name":"RSB-SPORTLABOR","description":"Technische Leistung im Sport","inLanguage":"de-DE","publisher":{"@id":"https:\/\/rsb-sportslab.com\/de\/#organization"}}]},"og:locale":"de_DE","og:site_name":"RSB-SPORTLABOR - Technische Leistung im Sport","og:type":"article","og:title":"Allgemeine Gesch\u00e4ftsbedingungen - RSB-SPORTLABOR","og:description":"ALLGEMEINE GESCH\u00c4FTSBEDINGUNGEN (AGB) 1. Geltungsbereich Diese Allgemeinen Gesch\u00e4ftsbedingungen (\u201eAGB\u201c) gelten f\u00fcr alle Vertr\u00e4ge, Dienstleistungen und Gesch\u00e4ftsbeziehungen zwischen RSB SPORTS LAB, einer Gesch\u00e4ftseinheit der RSB Design GmbH (\u201eAgentur\u201c), und ihren Kunden, Athleten, Partnern oder anderen Vertragsparteien (\u201eKunde\u201c). Diese AGB gelten sowohl f\u00fcr Gesch\u00e4ftskunden (B2B) als auch f\u00fcr Sportler als nat\u00fcrliche Personen, es sei denn, zwingende gesetzliche","og:url":"https:\/\/rsb-sportslab.com\/de\/allgemeine-geschaeftsbedingungen\/","og:image":"https:\/\/rsb-sportslab.com\/wp-content\/uploads\/2026\/01\/RSB-Sports-Lab-Logo-white-e1775740015941.png","og:image:secure_url":"https:\/\/rsb-sportslab.com\/wp-content\/uploads\/2026\/01\/RSB-Sports-Lab-Logo-white-e1775740015941.png","article:published_time":"2026-02-05T06:44:10+00:00","article:modified_time":"2026-02-09T15:10:01+00:00","twitter:card":"summary_large_image","twitter:title":"Allgemeine Gesch\u00e4ftsbedingungen - RSB-SPORTLABOR","twitter:description":"ALLGEMEINE GESCH\u00c4FTSBEDINGUNGEN (AGB) 1. Geltungsbereich Diese Allgemeinen Gesch\u00e4ftsbedingungen (\u201eAGB\u201c) gelten f\u00fcr alle Vertr\u00e4ge, Dienstleistungen und Gesch\u00e4ftsbeziehungen zwischen RSB SPORTS LAB, einer Gesch\u00e4ftseinheit der RSB Design GmbH (\u201eAgentur\u201c), und ihren Kunden, Athleten, Partnern oder anderen Vertragsparteien (\u201eKunde\u201c). Diese AGB gelten sowohl f\u00fcr Gesch\u00e4ftskunden (B2B) als auch f\u00fcr Sportler als nat\u00fcrliche Personen, es sei denn, zwingende gesetzliche","twitter:image":"https:\/\/rsb-sportslab.com\/wp-content\/uploads\/2026\/01\/RSB-Sports-Lab-Logo-white-e1775740015941.png"},"aioseo_meta_data":{"post_id":"907","title":null,"description":null,"keywords":null,"keyphrases":null,"primary_term":null,"canonical_url":null,"og_title":null,"og_description":null,"og_object_type":"default","og_image_type":"default","og_image_url":null,"og_image_width":null,"og_image_height":null,"og_image_custom_url":null,"og_image_custom_fields":null,"og_video":null,"og_custom_url":null,"og_article_section":null,"og_article_tags":null,"twitter_use_og":false,"twitter_card":"default","twitter_image_type":"default","twitter_image_url":null,"twitter_image_custom_url":null,"twitter_image_custom_fields":null,"twitter_title":null,"twitter_description":null,"schema":{"blockGraphs":[],"customGraphs":[],"default":{"data":{"Article":[],"Course":[],"Dataset":[],"FAQPage":[],"Movie":[],"Person":[],"Product":[],"ProductReview":[],"Car":[],"Recipe":[],"Service":[],"SoftwareApplication":[],"WebPage":[]},"graphName":"","isEnabled":true},"graphs":[]},"schema_type":"default","schema_type_options":null,"pillar_content":false,"robots_default":true,"robots_noindex":false,"robots_noarchive":false,"robots_nosnippet":false,"robots_nofollow":false,"robots_noimageindex":false,"robots_noodp":false,"robots_notranslate":false,"robots_max_snippet":null,"robots_max_videopreview":null,"robots_max_imagepreview":"large","priority":null,"frequency":null,"local_seo":null,"seo_analyzer_scan_date":"2026-02-05 09:19:44","breadcrumb_settings":null,"limit_modified_date":false,"reviewed_by":null,"open_ai":null,"ai":null,"created":"2026-02-09 15:10:00","updated":"2026-02-09 15:16:12"},"aioseo_breadcrumb":"<div class=\"aioseo-breadcrumbs\"><span class=\"aioseo-breadcrumb\">\n\t<a href=\"https:\/\/rsb-sportslab.com\/de\/\" title=\"Home\">Home<\/a>\n<\/span><span class=\"aioseo-breadcrumb-separator\">&raquo;<\/span><span class=\"aioseo-breadcrumb\">\n\tAllgemeine Gesch\u00e4ftsbedingungen\n<\/span><\/div>","aioseo_breadcrumb_json":[{"label":"Home","link":"https:\/\/rsb-sportslab.com\/de\/"},{"label":"Allgemeine Gesch\u00e4ftsbedingungen","link":"https:\/\/rsb-sportslab.com\/de\/allgemeine-geschaeftsbedingungen\/"}],"_links":{"self":[{"href":"https:\/\/rsb-sportslab.com\/de\/wp-json\/wp\/v2\/pages\/907","targetHints":{"allow":["GET"]}}],"collection":[{"href":"https:\/\/rsb-sportslab.com\/de\/wp-json\/wp\/v2\/pages"}],"about":[{"href":"https:\/\/rsb-sportslab.com\/de\/wp-json\/wp\/v2\/types\/page"}],"author":[{"embeddable":true,"href":"https:\/\/rsb-sportslab.com\/de\/wp-json\/wp\/v2\/users\/1"}],"replies":[{"embeddable":true,"href":"https:\/\/rsb-sportslab.com\/de\/wp-json\/wp\/v2\/comments?post=907"}],"version-history":[{"count":1,"href":"https:\/\/rsb-sportslab.com\/de\/wp-json\/wp\/v2\/pages\/907\/revisions"}],"predecessor-version":[{"id":908,"href":"https:\/\/rsb-sportslab.com\/de\/wp-json\/wp\/v2\/pages\/907\/revisions\/908"}],"wp:attachment":[{"href":"https:\/\/rsb-sportslab.com\/de\/wp-json\/wp\/v2\/media?parent=907"}],"curies":[{"name":"wp","href":"https:\/\/api.w.org\/{rel}","templated":true}]}}